{"id":137,"date":"2023-07-06T11:50:19","date_gmt":"2023-07-06T11:50:19","guid":{"rendered":"https:\/\/mymuonline.hu\/main\/?page_id=137"},"modified":"2023-07-09T17:30:04","modified_gmt":"2023-07-09T17:30:04","slug":"informaciok","status":"publish","type":"page","link":"https:\/\/mymuonline.hu\/main\/?page_id=137","title":{"rendered":"Inform\u00e1ci\u00f3k"},"content":{"rendered":"\n<p><\/p>\n\n\n\n<h2 class=\"wp-block-heading\">MyMuOnline.Hu <\/h2>\n\n\n\n<p class=\"has-medium-font-size\"><strong>Jelenlegi projekt:<\/strong> Season 6 Avant<\/p>\n\n\n\n<p class=\"has-medium-font-size\"><strong>K\u00e9sz\u00fclts\u00e9g:<\/strong> 90%<\/p>\n\n\n\n<p class=\"has-medium-font-size\"><strong>V\u00e1rhat\u00f3 nyit\u00e1s:<\/strong> 2023.08.<\/p>\n\n\n\n<p><\/p>\n\n\n\n<h3 class=\"wp-block-heading\">Konfigur\u00e1ci\u00f3<\/h3>\n\n\n\n<ul>\n<li class=\"has-medium-font-size\">Season: 6<\/li>\n\n\n\n<li class=\"has-medium-font-size\">T\u00edpus: Avant<\/li>\n\n\n\n<li class=\"has-medium-font-size\">Exp: 2000x<\/li>\n\n\n\n<li class=\"has-medium-font-size\">Drop: Medium rate<\/li>\n\n\n\n<li class=\"has-medium-font-size\">Pontoz\u00e1s: 1000 pont \/ reset<\/li>\n\n\n\n<li class=\"has-medium-font-size\">Alapvet\u0151 kereskedelmi eszk\u00f6z: Jewel-ek, exc-ek, Talizman, ritka BOX-ok, lila item-ek<\/li>\n\n\n\n<li class=\"has-medium-font-size\">BOT System: ON<\/li>\n\n\n\n<li class=\"has-medium-font-size\">Nyelvezet: Magyar, Angol<\/li>\n<\/ul>\n\n\n\n<h3 class=\"wp-block-heading\">Backlog<\/h3>\n\n\n\n<figure class=\"wp-block-table\"><table><tbody><tr><td><strong>Task<\/strong><\/td><td><strong>St\u00e1tusz<\/strong><\/td><td><strong>K\u00e9sz\u00fclts\u00e9g<\/strong><\/td><\/tr><tr><td>K\u00f6vetelm\u00e9nyek meghat\u00e1roz\u00e1sa<\/td><td><strong><mark style=\"background-color:rgba(0, 0, 0, 0)\" class=\"has-inline-color has-vivid-green-cyan-color\">K\u00e9sz!<\/mark><\/strong><\/td><td>100%<\/td><\/tr><tr><td>Specifik\u00e1ci\u00f3k kidolgoz\u00e1sa<\/td><td><strong><mark style=\"background-color:rgba(0, 0, 0, 0)\" class=\"has-inline-color has-vivid-green-cyan-color\">K\u00e9sz!<\/mark><\/strong><\/td><td>100%<\/td><\/tr><tr><td>Fejleszt\u00e9sek implement\u00e1l\u00e1sa<\/td><td><strong><mark style=\"background-color:rgba(0, 0, 0, 0)\" class=\"has-inline-color has-vivid-green-cyan-color\">K\u00e9sz!<\/mark><\/strong><\/td><td>100%<\/td><\/tr><tr><td>Fejleszt\u00e9sek tesztel\u00e9se<\/td><td><strong><mark style=\"background-color:rgba(0, 0, 0, 0)\" class=\"has-inline-color has-vivid-green-cyan-color\"><strong><mark style=\"background-color:rgba(0, 0, 0, 0)\" class=\"has-inline-color has-vivid-green-cyan-color\"><strong><mark style=\"background-color:rgba(0, 0, 0, 0)\" class=\"has-inline-color has-luminous-vivid-amber-color\">Folyamatban<\/mark><\/strong><\/mark><\/strong><\/mark><\/strong><\/td><td>90%<\/td><\/tr><tr><td>Bugok jav\u00edt\u00e1sa<\/td><td><strong><mark style=\"background-color:rgba(0, 0, 0, 0)\" class=\"has-inline-color has-vivid-green-cyan-color\"><strong><mark style=\"background-color:rgba(0, 0, 0, 0)\" class=\"has-inline-color has-luminous-vivid-amber-color\">Folyamatban<\/mark><\/strong><\/mark><\/strong><\/td><td>90%<\/td><\/tr><tr><td>Szerver konfigur\u00e1ci\u00f3k<\/td><td><strong><mark style=\"background-color:rgba(0, 0, 0, 0)\" class=\"has-inline-color has-vivid-green-cyan-color\">K\u00e9sz!<\/mark><\/strong><\/td><td>100%<\/td><\/tr><tr><td>PVP Balansz be\u00e1ll\u00edt\u00e1sa<\/td><td><strong><mark style=\"background-color:rgba(0, 0, 0, 0)\" class=\"has-inline-color has-luminous-vivid-amber-color\">Folyamatban<\/mark><\/strong><\/td><td>30%<\/td><\/tr><tr><td>Z\u00e1rt b\u00e9ta teszt<\/td><td><strong><mark style=\"background-color:rgba(0, 0, 0, 0)\" class=\"has-inline-color has-luminous-vivid-amber-color\">Folyamatban<\/mark><\/strong><\/td><td>70%<\/td><\/tr><\/tbody><\/table><\/figure>\n\n\n\n<h2 class=\"wp-block-heading\">Funkci\u00f3 lista<\/h2>\n\n\n\n<ul>\n<li class=\"has-medium-font-size\">Alap MuOnline event-ek (Chaos Castle, Illusion Temple, Blood Castle, Golden invasion, stb&#8230;)<\/li>\n\n\n\n<li class=\"has-medium-font-size\">Beginner Boost event<\/li>\n\n\n\n<li class=\"has-medium-font-size\">BOT System<\/li>\n\n\n\n<li class=\"has-medium-font-size\">Daily Player Records Event<\/li>\n\n\n\n<li class=\"has-medium-font-size\">EVO System<\/li>\n\n\n\n<li class=\"has-medium-font-size\">Main Quest<\/li>\n\n\n\n<li class=\"has-medium-font-size\">Daily Quest system<\/li>\n\n\n\n<li class=\"has-medium-font-size\">PVP League<\/li>\n\n\n\n<li class=\"has-medium-font-size\">Summer Festival<\/li>\n\n\n\n<li class=\"has-medium-font-size\">Week of Event<\/li>\n\n\n\n<li class=\"has-medium-font-size\">Abyss Raid<\/li>\n\n\n\n<li class=\"has-medium-font-size\">Tower Siege<\/li>\n\n\n\n<li class=\"has-medium-font-size\">TvT Event<\/li>\n<\/ul>\n\n\n\n<p><\/p>\n\n\n\n<h2 class=\"wp-block-heading\">\u00d6sszegz\u00e9s<\/h2>\n\n\n\n<p class=\"has-medium-font-size\">Fedezd fel az ultimate Mu Online \u00e9lm\u00e9nyt a MyMuOnline.hu-n! V\u00e1r r\u00e1d egy leny\u0171g\u00f6z\u0151 vil\u00e1g, ahol a nosztalgikus hangulat tal\u00e1lkozik a modern j\u00e1t\u00e9k\u00e9lm\u00e9nnyel. <\/p>\n\n\n\n<p class=\"has-medium-font-size\">L\u00e9pj be a virtu\u00e1lis csatat\u00e9rre, ahol <strong>a vil\u00e1gon teljesen egyedi AI vez\u00e9relt BOT rendszer\u00fcnk<\/strong> egyedi j\u00e1t\u00e9k\u00e9lm\u00e9nyt garant\u00e1l! <\/p>\n\n\n\n<figure class=\"wp-block-image size-large\"><a href=\"https:\/\/mymuonline.hu\/main\/?p=77\"><img decoding=\"async\" loading=\"lazy\" width=\"1024\" height=\"400\" src=\"https:\/\/mymuonline.hu\/main\/wp-content\/uploads\/2023\/07\/botsystem-1024x400.png\" alt=\"\" class=\"wp-image-78\" srcset=\"https:\/\/mymuonline.hu\/main\/wp-content\/uploads\/2023\/07\/botsystem-1024x400.png 1024w, https:\/\/mymuonline.hu\/main\/wp-content\/uploads\/2023\/07\/botsystem-300x117.png 300w, https:\/\/mymuonline.hu\/main\/wp-content\/uploads\/2023\/07\/botsystem-768x300.png 768w, https:\/\/mymuonline.hu\/main\/wp-content\/uploads\/2023\/07\/botsystem-1536x600.png 1536w, https:\/\/mymuonline.hu\/main\/wp-content\/uploads\/2023\/07\/botsystem-2048x800.png 2048w\" sizes=\"(max-width: 1024px) 100vw, 1024px\" \/><\/a><\/figure>\n\n\n\n<p class=\"has-medium-font-size\">K\u00fczdj az AI vez\u00e9relt ellenfelekkel, akik leny\u0171g\u00f6z\u0151 taktik\u00e1kkal \u00e9s strat\u00e9gi\u00e1kkal \u00e1llnak szemben, \u00e9s mindig \u00faj kih\u00edv\u00e1sok el\u00e9 \u00e1ll\u00edtanak.<br>\u00c9ld \u00e1t a klasszikus Mu Online \u00e9rz\u00e9st, mik\u00f6zben kihaszn\u00e1lod a kidolgozott kereskedelmi rendszer \u00e1ltal ny\u00fajtott lehet\u0151s\u00e9geket. Fedezd fel a ritka t\u00e1rgyakat \u00e9s kincseket, amelyeket a BOT-ok k\u00edn\u00e1lnak, \u00e9s kereskedj \u00fcgyesen a j\u00e1t\u00e9kosok \u00e9s BOT-ok k\u00f6z\u00f6tt. H\u00f3d\u00edtsd meg a sz\u00f6rnyek vil\u00e1g\u00e1t, gy\u0171jtsd a leg\u00fajabb fegyvereket \u00e9s p\u00e1nc\u00e9lokat.<br>A pvp k\u00f6zelharcokban bizony\u00edthatod r\u00e1termetts\u00e9gedet \u00e9s taktikai k\u00e9pess\u00e9geidet. Csapj \u00f6ssze m\u00e1s j\u00e1t\u00e9kosokkal izgalmas csat\u00e1kban, \u00e9s mutasd meg, hogy te vagy a legjobb. <\/p>\n\n\n\n<p class=\"has-medium-font-size\">\u00c1llj ki a legkem\u00e9nyebb ellenfelekkel szemben a <strong>PVP Lig\u00e1ban<\/strong>, \u00e9s nyerj dics\u0151s\u00e9get \u00e9s elismer\u00e9st. <\/p>\n\n\n\n<figure class=\"wp-block-image size-large\"><img decoding=\"async\" loading=\"lazy\" width=\"1024\" height=\"365\" src=\"https:\/\/mymuonline.hu\/main\/wp-content\/uploads\/2023\/07\/liga2-1024x365.png\" alt=\"\" class=\"wp-image-219\" srcset=\"https:\/\/mymuonline.hu\/main\/wp-content\/uploads\/2023\/07\/liga2-1024x365.png 1024w, https:\/\/mymuonline.hu\/main\/wp-content\/uploads\/2023\/07\/liga2-300x107.png 300w, https:\/\/mymuonline.hu\/main\/wp-content\/uploads\/2023\/07\/liga2-768x274.png 768w, https:\/\/mymuonline.hu\/main\/wp-content\/uploads\/2023\/07\/liga2-1536x548.png 1536w, https:\/\/mymuonline.hu\/main\/wp-content\/uploads\/2023\/07\/liga2.png 1800w\" sizes=\"(max-width: 1024px) 100vw, 1024px\" \/><\/figure>\n\n\n\n<p class=\"has-medium-font-size\">A kl\u00e1nokba rendez\u0151d\u00f6tt BOT-ok k\u00f6z\u00f6ss\u00e9ge kih\u00edv\u00e1sokkal \u00e9s seg\u00edts\u00e9ggel teli. \u00c9rj el kimagasl\u00f3 eredm\u00e9nyeket csapatmunk\u00e1val \u00e9s fedezd fel a k\u00f6z\u00f6ss\u00e9g erej\u00e9t. A BOT-okkal k\u00f6zvetlen\u00fcl kommunik\u00e1lhatsz, csatlakoz\u00e1skor pedig \u00fcdv\u00f6zl\u0151 \u00fczenetekkel fogadnak, hogy mindig \u00e9rezd a r\u00e9szv\u00e9tel\u00fcket.<\/p>\n\n\n\n<p class=\"has-medium-font-size\">Ne hagyd ki a lehet\u0151s\u00e9get, hogy napr\u00f3l napra izgalmas kalandokban vegy\u00e9l r\u00e9szt \u00e9s gazdag\u00edtsd a karakteredet a <strong>Daily Quest-ek <\/strong>seg\u00edts\u00e9g\u00e9vel!<\/p>\n\n\n\n<figure class=\"wp-block-image size-large is-resized\"><a href=\"https:\/\/mymuonline.hu\/main\/?p=61\"><img decoding=\"async\" loading=\"lazy\" src=\"https:\/\/mymuonline.hu\/main\/wp-content\/uploads\/2023\/07\/quest2-1024x365.png\" alt=\"\" class=\"wp-image-157\" width=\"840\" height=\"299\" srcset=\"https:\/\/mymuonline.hu\/main\/wp-content\/uploads\/2023\/07\/quest2-1024x365.png 1024w, https:\/\/mymuonline.hu\/main\/wp-content\/uploads\/2023\/07\/quest2-300x107.png 300w, https:\/\/mymuonline.hu\/main\/wp-content\/uploads\/2023\/07\/quest2-768x274.png 768w, https:\/\/mymuonline.hu\/main\/wp-content\/uploads\/2023\/07\/quest2-1536x547.png 1536w, https:\/\/mymuonline.hu\/main\/wp-content\/uploads\/2023\/07\/quest2.png 1920w\" sizes=\"(max-width: 840px) 100vw, 840px\" \/><\/a><\/figure>\n\n\n\n<p class=\"has-medium-font-size\">Ne maradj le err\u0151l az epikus kalandr\u00f3l! Csatlakozz hozz\u00e1nk a MyMuOnline.hu szerveren, \u00e9s indulj el a Mu Online vil\u00e1g\u00e1ban. Tapasztald meg a nosztalgia \u00e9s a modern j\u00e1t\u00e9k\u00e9lm\u00e9ny t\u00f6k\u00e9letes kombin\u00e1ci\u00f3j\u00e1t. L\u00e9gy r\u00e9sze egy olyan k\u00f6z\u00f6ss\u00e9gnek, amelyben a harcok intenz\u00edvek, a keresked\u00e9s izgalmas, \u00e9s a kl\u00e1nok \u00f6sszetart\u00f3ak<\/p>\n","protected":false},"excerpt":{"rendered":"<p>MyMuOnline.Hu Jelenlegi projekt: Season 6 Avant K\u00e9sz\u00fclts\u00e9g: 90% V\u00e1rhat\u00f3 nyit\u00e1s: 2023.08. Konfigur\u00e1ci\u00f3 Backlog Task St\u00e1tusz K\u00e9sz\u00fclts\u00e9g K\u00f6vetelm\u00e9nyek meghat\u00e1roz\u00e1sa K\u00e9sz! 100% Specifik\u00e1ci\u00f3k kidolgoz\u00e1sa K\u00e9sz! 100% Fejleszt\u00e9sek implement\u00e1l\u00e1sa K\u00e9sz! 100% Fejleszt\u00e9sek tesztel\u00e9se Folyamatban 90% Bugok jav\u00edt\u00e1sa Folyamatban 90% Szerver konfigur\u00e1ci\u00f3k K\u00e9sz! 100% PVP Balansz be\u00e1ll\u00edt\u00e1sa Folyamatban 30% Z\u00e1rt b\u00e9ta teszt Folyamatban 70% Funkci\u00f3 lista \u00d6sszegz\u00e9s Fedezd fel [&hellip;]<\/p>\n","protected":false},"author":1,"featured_media":0,"parent":0,"menu_order":0,"comment_status":"closed","ping_status":"closed","template":"","meta":[],"_links":{"self":[{"href":"https:\/\/mymuonline.hu\/main\/index.php?rest_route=\/wp\/v2\/pages\/137"}],"collection":[{"href":"https:\/\/mymuonline.hu\/main\/index.php?rest_route=\/wp\/v2\/pages"}],"about":[{"href":"https:\/\/mymuonline.hu\/main\/index.php?rest_route=\/wp\/v2\/types\/page"}],"author":[{"embeddable":true,"href":"https:\/\/mymuonline.hu\/main\/index.php?rest_route=\/wp\/v2\/users\/1"}],"replies":[{"embeddable":true,"href":"https:\/\/mymuonline.hu\/main\/index.php?rest_route=%2Fwp%2Fv2%2Fcomments&post=137"}],"version-history":[{"count":20,"href":"https:\/\/mymuonline.hu\/main\/index.php?rest_route=\/wp\/v2\/pages\/137\/revisions"}],"predecessor-version":[{"id":220,"href":"https:\/\/mymuonline.hu\/main\/index.php?rest_route=\/wp\/v2\/pages\/137\/revisions\/220"}],"wp:attachment":[{"href":"https:\/\/mymuonline.hu\/main\/index.php?rest_route=%2Fwp%2Fv2%2Fmedia&parent=137"}],"curies":[{"name":"wp","href":"https:\/\/api.w.org\/{rel}","templated":true}]}}