{"id":135,"date":"2023-07-06T16:01:46","date_gmt":"2023-07-06T16:01:46","guid":{"rendered":"https:\/\/mymuonline.hu\/main\/?page_id=135"},"modified":"2023-07-06T16:05:42","modified_gmt":"2023-07-06T16:05:42","slug":"uj-vagy-katt-ide","status":"publish","type":"page","link":"https:\/\/mymuonline.hu\/main\/?page_id=135","title":{"rendered":"All post"},"content":{"rendered":"\n<div class=\"wp-block-query is-layout-flow\"><ul class=\"wp-block-post-template is-layout-flow\"><li class=\"wp-block-post post-493 post type-post status-publish format-standard hentry category-uncategorized-hu tag-tutorialhun\">\n<h2 class=\"wp-block-post-title\"><a href=\"https:\/\/mymuonline.hu\/main\/?p=493\" target=\"_self\" >\u00daj Jewel-ek<\/a><\/h2>\n\n\n\n<div class=\"wp-block-post-excerpt\"><p class=\"wp-block-post-excerpt__excerpt\">A szerveren 3 \u00faj Jewel t\u00edpus ker\u00fclt bevezet\u00e9sre. Ezek az al\u00e1bbiak: Jewel of Luck Beszerezhet\u0151: Erohim Boss drop Erohim az al\u00e1bbi helyeken fordul el\u0151: Erohim Invasion event (Vulcanus) &#8211; Minden nap 21:30-kor Tover Siege Event &#8211; 19:05-kor Alkalmaz\u00e1sa: Jewel of Luck alkalmazhat\u00f3 minden olyan itembe ami nem rendelkezik Luck opci\u00f3val. Az itembe h\u00faz\u00e1st k\u00f6vet\u0151en az [&hellip;] <\/p><\/div>\n\n\n<hr class=\"wp-block-separator has-css-opacity\"\/>\n\n\n<div class=\"wp-block-post-date\"><time datetime=\"2023-08-31T13:53:26+00:00\">2023-08-31<\/time><\/div>\n<\/li><li class=\"wp-block-post post-479 post type-post status-publish format-standard hentry category-uncategorized-hu tag-tutorialhun\">\n<h2 class=\"wp-block-post-title\"><a href=\"https:\/\/mymuonline.hu\/main\/?p=479\" target=\"_self\" >Summer Festival<\/a><\/h2>\n\n\n\n<div class=\"wp-block-post-excerpt\"><p class=\"wp-block-post-excerpt__excerpt\">\u00d6sszegz\u00e9s A Summer Festival ideje alatt Lorencia vir\u00e1gba borul. Ez az Event id\u0151szakos \u00e9s a ny\u00e1r v\u00e9g\u00e9n ker\u00fcl megrendez\u00e9sre. Jelenleg 2023.08.31 &#8211; 2023.09.14-ig tartEzid\u0151t\u00e1jt a mobokb\u00f3l egys\u00e9gesen rr-t\u0151l f\u00fcggetlen\u00fcl drop-ol a Cherry Blossom Box. A chery blossom box, chery blossom brench-eket dob.3 fajta chery blossom brench van: White, Red \u00e9s Gold.A White-b\u00f3l 10-et, A Reb\u0151l [&hellip;] <\/p><\/div>\n\n\n<hr class=\"wp-block-separator has-css-opacity\"\/>\n\n\n<div class=\"wp-block-post-date\"><time datetime=\"2023-08-31T07:13:39+00:00\">2023-08-31<\/time><\/div>\n<\/li><li class=\"wp-block-post post-414 post type-post status-publish format-standard hentry category-uncategorized-hu tag-faq tag-tutorialhun\">\n<h2 class=\"wp-block-post-title\"><a href=\"https:\/\/mymuonline.hu\/main\/?p=414\" target=\"_self\" >Hibaelh\u00e1r\u00edt\u00e1s<\/a><\/h2>\n\n\n\n<div class=\"wp-block-post-excerpt\"><p class=\"wp-block-post-excerpt__excerpt\">Az al\u00e1bbi oldalon a kliens ind\u00edt\u00e1s\u00e1nak leggyakoribb hib\u00e1i k\u00f6vetkeznek \u00e9s a hozz\u00e1 tartoz\u00f3 tippek hogy hogy lehet megoldani azokat. Fontos! A MyMuOnline.Hu csapata saj\u00e1t, \u00e1ltalunk k\u00e9sz\u00edtett Launcher-t haszn\u00e1l. A Windows alapvet\u0151 v\u00edrusv\u00e9delmi rendszer\u00e9ben m\u00e9g nincs bejegyezve az \u00e1ltalunk k\u00e9sz\u00edtett Launcher, ez\u00e9rt \u00e9rz\u00e9kelheti vesz\u00e9lyforr\u00e1snak azt. Ennek a megold\u00e1sa m\u00e1r folyamatban van, de sajnos ak\u00e1r h\u00f3napokba is [&hellip;] <\/p><\/div>\n\n\n<hr class=\"wp-block-separator has-css-opacity\"\/>\n\n\n<div class=\"wp-block-post-date\"><time datetime=\"2023-08-03T18:32:14+00:00\">2023-08-03<\/time><\/div>\n<\/li><\/ul><\/div>\n","protected":false},"excerpt":{"rendered":"","protected":false},"author":1,"featured_media":0,"parent":0,"menu_order":0,"comment_status":"closed","ping_status":"closed","template":"","meta":[],"_links":{"self":[{"href":"https:\/\/mymuonline.hu\/main\/index.php?rest_route=\/wp\/v2\/pages\/135"}],"collection":[{"href":"https:\/\/mymuonline.hu\/main\/index.php?rest_route=\/wp\/v2\/pages"}],"about":[{"href":"https:\/\/mymuonline.hu\/main\/index.php?rest_route=\/wp\/v2\/types\/page"}],"author":[{"embeddable":true,"href":"https:\/\/mymuonline.hu\/main\/index.php?rest_route=\/wp\/v2\/users\/1"}],"replies":[{"embeddable":true,"href":"https:\/\/mymuonline.hu\/main\/index.php?rest_route=%2Fwp%2Fv2%2Fcomments&post=135"}],"version-history":[{"count":4,"href":"https:\/\/mymuonline.hu\/main\/index.php?rest_route=\/wp\/v2\/pages\/135\/revisions"}],"predecessor-version":[{"id":167,"href":"https:\/\/mymuonline.hu\/main\/index.php?rest_route=\/wp\/v2\/pages\/135\/revisions\/167"}],"wp:attachment":[{"href":"https:\/\/mymuonline.hu\/main\/index.php?rest_route=%2Fwp%2Fv2%2Fmedia&parent=135"}],"curies":[{"name":"wp","href":"https:\/\/api.w.org\/{rel}","templated":true}]}}